{"id":12,"date":"2019-01-30T13:02:00","date_gmt":"2019-01-30T13:02:00","guid":{"rendered":"http:\/\/dursunsaral.com.tr\/akademik\/?page_id=12"},"modified":"2019-01-30T13:13:01","modified_gmt":"2019-01-30T13:13:01","slug":"bildiri","status":"publish","type":"page","link":"https:\/\/dursunsaral.com.tr\/akademik\/bildiri\/","title":{"rendered":"B\u0130LD\u0130R\u0130"},"content":{"rendered":"\n<h4 class=\"wp-block-heading\"> <br><a href=\"http:\/\/dursunsaral.com.tr\/akademik\/2019\/01\/30\/investigation-of-the-influence-of-bulbous-bow-forms-on-resistance-of-an-itu-fishing-vessel-family-hull\/\">Investigation of the Influence of Bulbous Bow Forms on Resistance of an ITU Fishing Vessel Family Hull <\/a><\/h4>\n\n\n\n<h4 class=\"wp-block-heading\"> <br><a href=\"http:\/\/dursunsaral.com.tr\/akademik\/2019\/01\/30\/yapay-sinir-aglari-ile-turkiyenin-co2-emisyon-tahmini\/\">Yapay Sinir A\u011flar\u0131 ile T\u00fcrkiye\u2019nin CO2 Emisyon Tahmini <\/a><\/h4>\n","protected":false},"excerpt":{"rendered":"<p>Investigation of the Influence of Bulbous Bow Forms on Resistance of an ITU Fishing Vessel Family Hull Yapay Sinir A\u011flar\u0131 ile T\u00fcrkiye\u2019nin CO2 Emisyon Tahmini<\/p>\n","protected":false},"author":1,"featured_media":0,"parent":0,"menu_order":0,"comment_status":"closed","ping_status":"closed","template":"","meta":{"footnotes":""},"class_list":["post-12","page","type-page","status-publish","hentry"],"_links":{"self":[{"href":"https:\/\/dursunsaral.com.tr\/akademik\/wp-json\/wp\/v2\/pages\/12","targetHints":{"allow":["GET"]}}],"collection":[{"href":"https:\/\/dursunsaral.com.tr\/akademik\/wp-json\/wp\/v2\/pages"}],"about":[{"href":"https:\/\/dursunsaral.com.tr\/akademik\/wp-json\/wp\/v2\/types\/page"}],"author":[{"embeddable":true,"href":"https:\/\/dursunsaral.com.tr\/akademik\/wp-json\/wp\/v2\/users\/1"}],"replies":[{"embeddable":true,"href":"https:\/\/dursunsaral.com.tr\/akademik\/wp-json\/wp\/v2\/comments?post=12"}],"version-history":[{"count":5,"href":"https:\/\/dursunsaral.com.tr\/akademik\/wp-json\/wp\/v2\/pages\/12\/revisions"}],"predecessor-version":[{"id":23,"href":"https:\/\/dursunsaral.com.tr\/akademik\/wp-json\/wp\/v2\/pages\/12\/revisions\/23"}],"wp:attachment":[{"href":"https:\/\/dursunsaral.com.tr\/akademik\/wp-json\/wp\/v2\/media?parent=12"}],"curies":[{"name":"wp","href":"https:\/\/api.w.org\/{rel}","templated":true}]}}