{"id":5,"date":"2016-03-24T14:44:15","date_gmt":"2016-03-24T14:44:15","guid":{"rendered":"http:\/\/dursunsaral.com.tr\/kitap\/?page_id=5"},"modified":"2023-06-08T16:55:47","modified_gmt":"2023-06-08T13:55:47","slug":"bir-liderin-dusunce-sistemi","status":"publish","type":"page","link":"https:\/\/dursunsaral.com.tr\/kitap\/bir-liderin-dusunce-sistemi\/","title":{"rendered":"Bir Liderin D\u00fc\u015f\u00fcnce Sistemi"},"content":{"rendered":"<div class=\"wp-block-image\">\n<figure class=\"aligncenter\"><a href=\"http:\/\/www.dursunsaral.com.tr\/kitaplar\/01birliderindusuncesistemi\/01onarkakapak.html\"><img loading=\"lazy\" decoding=\"async\" width=\"960\" height=\"708\" src=\"https:\/\/dursunsaral.com.tr\/kitap\/wp-content\/uploads\/2016\/03\/birliderindusuncesistemi.jpg\" alt=\"birliderindusuncesistemi\" class=\"wp-image-14\" srcset=\"https:\/\/dursunsaral.com.tr\/kitap\/wp-content\/uploads\/2016\/03\/birliderindusuncesistemi.jpg 960w, https:\/\/dursunsaral.com.tr\/kitap\/wp-content\/uploads\/2016\/03\/birliderindusuncesistemi-300x221.jpg 300w, https:\/\/dursunsaral.com.tr\/kitap\/wp-content\/uploads\/2016\/03\/birliderindusuncesistemi-768x566.jpg 768w\" sizes=\"auto, (max-width: 960px) 100vw, 960px\" \/><\/a><\/figure>\n<\/div>\n\n\n<hr class=\"wp-block-separator has-alpha-channel-opacity\"\/>\n\n\n\n<p class=\"has-text-align-center has-medium-font-size\"><strong>ARKA KAPAK<\/strong><\/p>\n\n\n\n<p class=\"has-medium-font-size\">&nbsp; &nbsp; &nbsp;Bu kitapta siyasi liderlerin verdi\u011fi kararlar\u0131n hayat\u0131m\u0131z\u0131 nas\u0131l etkiledi\u011fi, ya\u015famsal olaylar incelerek a\u00e7\u0131klanmaktad\u0131r. Siyasi liderlerin verdikleri kararlar\u0131 nas\u0131l ve ne \u015fekilde ald\u0131klar\u0131, hangi d\u00fc\u015f\u00fcnce sistemlerini kulland\u0131klar\u0131, yapt\u0131klar\u0131 konu\u015fmalar ve icraatlar analiz edilerek a\u00e7\u0131klanmaktad\u0131r. Etkili bir liderin nas\u0131l se\u00e7ilebilece\u011fi konusunda tespitler yap\u0131lmaktad\u0131r. Bunun yan\u0131nda dikkat edip \u00fczerinde durmad\u0131\u011f\u0131m\u0131z g\u00fcnl\u00fck olaylar\u0131n ya\u015fanma sebepleri a\u00e7\u0131klanmaktad\u0131r. Yazar var olan devlet i\u015fletim sisteminin aksak olan y\u00f6nlerine de\u011finmekte ve yeni \u00e7\u00f6z\u00fcm \u00f6nerileri sunmaktad\u0131r. D\u00fcnyaya h\u00e2kim bir millet olabilecek devlet i\u015fletim sisteminin nas\u0131l olabilece\u011fini a\u00e7\u0131klamaya \u00e7al\u0131\u015fmaktad\u0131r.<br>Yazar\u0131n ilk kitab\u0131 olmas\u0131 nedeni ile yeni yazarlara yol g\u00f6sterir nitelikte olan kitap, etkin i\u00e7erik ve kullan\u0131lan farkl\u0131 d\u00fc\u015f\u00fcnce sistemleriyle alan\u0131nda profesyonel ki\u015filere yeni ufuklar a\u00e7abilecek g\u00fc\u00e7tedir.<br>&#8220;Milletin ba\u015f\u0131ndaki liderin d\u00fc\u015f\u00fcnce sistemi nas\u0131lsa, devlet i\u00e7inde i\u015fleyen sistem odur ve devletin ilerlemesi ve geli\u015fmesi ona g\u00f6redir.&#8221;<br>&#8220;Liderlerin tutumlar\u0131, s\u00f6yleyi\u015fleri ve birbirlerine \u00fcst\u00fcn gelmek i\u00e7in y\u0131prat\u0131c\u0131 i\u015flere giri\u015fmeleri, birbirlerini de\u011fil toplumu y\u0131prat\u0131r. Y\u00fckseltecek yerde d\u00fc\u015f\u00fc\u015fe ge\u00e7irir, zaman gelir yok olmas\u0131na sebep olur.&#8221;<\/p>\n\n\n\n<hr class=\"wp-block-separator has-alpha-channel-opacity\"\/>\n\n\n\n<p class=\"has-text-align-center\"><strong>E-K\u0130TAP<\/strong><\/p>\n\n\n\n<p><a href=\"http:\/\/www.dr.com.tr\/ekitap\/bir-liderin-dusunce-sistemi\" target=\"_blank\" rel=\"noopener noreferrer\">http:\/\/www.dr.com.tr\/ekitap\/bir-liderin-dusunce-sistemi<\/a><\/p>\n\n\n\n<p><a href=\"http:\/\/www.idefix.com\/ekitap\/bir-liderin-dusunce-sistemi\" target=\"_blank\" rel=\"noopener noreferrer\">http:\/\/www.idefix.com\/ekitap\/bir-liderin-dusunce-sistemi<\/a><\/p>\n\n\n\n<p><a href=\"http:\/\/www.babil.com\/bir-liderin-dusunce-sistemi-kitabi-dursun-saral-13311\" target=\"_blank\" rel=\"noopener noreferrer\">http:\/\/www.babil.com\/bir-liderin-dusunce-sistemi-kitabi-dursun-saral-13311<\/a><\/p>\n\n\n\n<hr class=\"wp-block-separator has-alpha-channel-opacity\"\/>\n\n\n\n<p class=\"has-text-align-center\"><strong>K\u0130TAP<\/strong><\/p>\n\n\n\n<p><a href=\"http:\/\/www.ciniusyayinlari.com\/kitapayrinti.asp?id=169214\" target=\"_blank\" rel=\"noopener noreferrer\">http:\/\/www.ciniusyayinlari.com\/kitapayrinti.asp?id=169214<\/a><\/p>\n\n\n\n<p><a href=\"http:\/\/www.dr.com.tr\/Kitap\/Bir-Liderin-Dusunce-Sistemi\/Dursun-Saral\/Arastirma-Tarih\/Politika-Arastirma\/Dunya-Politika-\/urunno=0000000533492\" target=\"_blank\" rel=\"noopener noreferrer\">http:\/\/www.dr.com.tr\/Kitap\/Bir-Liderin-Dusunce-Sistemi\/Dursun-Saral\/Arastirma-Tarih\/Politika-Arastirma\/Dunya-Politika-\/urunno=0000000533492<\/a><\/p>\n\n\n\n<p><a href=\"http:\/\/www.idefix.com\/Kitap\/Bir-Liderin-Dusunce-Sistemi\/Dursun-Saral\/Arastirma-Tarih\/Politika-Arastirma\/Dunya-Politika-\/urunno=0000000533492\" target=\"_blank\" rel=\"noopener noreferrer\">http:\/\/www.idefix.com\/Kitap\/Bir-Liderin-Dusunce-Sistemi\/Dursun-Saral\/Arastirma-Tarih\/Politika-Arastirma\/Dunya-Politika-\/urunno=0000000533492<\/a><\/p>\n\n\n\n<p><a href=\"http:\/\/www.babil.com\/bir-liderin-dusunce-sistemi-kitabi-dursun-saral\" target=\"_blank\" rel=\"noopener noreferrer\">http:\/\/www.babil.com\/bir-liderin-dusunce-sistemi-kitabi-dursun-saral<\/a><\/p>\n\n\n\n<p><a href=\"http:\/\/www.kitapyurdu.com\/kitap\/bir-liderin-dusunce-sitemi\/273203.html&amp;manufacturer_id=152684\" target=\"_blank\" rel=\"noopener noreferrer\">http:\/\/www.kitapyurdu.com\/kitap\/bir-liderin-dusunce-sitemi\/273203.html&amp;manufacturer_id=152684<\/a><\/p>\n\n\n\n<hr class=\"wp-block-separator has-alpha-channel-opacity\"\/>\n\n\n\n<ul class=\"wp-block-list\">\n<li class=\"has-medium-font-size\"><a href=\"https:\/\/dursunsaral.com.tr\/kitap\/2023\/06\/07\/onsoz-3\/\" data-type=\"post\" data-id=\"556\">\u00d6NS\u00d6Z<\/a><\/li>\n\n\n\n<li class=\"has-medium-font-size\">Kitaplar \u00dczerine\n<ul class=\"wp-block-list\">\n<li class=\"has-medium-font-size\">Reformum \u00d6z\u00fc (K.BIRKETT) \u00dczerine<\/li>\n<\/ul>\n<\/li>\n\n\n\n<li class=\"has-medium-font-size\">Siyaset \u00dczerine\n<ul class=\"wp-block-list\">\n<li class=\"has-medium-font-size\"><a href=\"https:\/\/dursunsaral.com.tr\/kitap\/2023\/06\/07\/liderlik-uzerine-bir-analiz\/\" data-type=\"post\" data-id=\"559\">L\u0130DERL\u0130K \u00dcZER\u0130NE B\u0130R ANAL\u0130Z<\/a><\/li>\n\n\n\n<li class=\"has-medium-font-size\"><a href=\"https:\/\/dursunsaral.com.tr\/kitap\/2023\/06\/08\/lider-secmek\/\" data-type=\"post\" data-id=\"563\">L\u0130DER SE\u00c7MEK<\/a><\/li>\n<\/ul>\n<\/li>\n\n\n\n<li class=\"has-medium-font-size\">Ya\u015fam \u00dczerine\n<ul class=\"wp-block-list\">\n<li class=\"has-medium-font-size\">Hurdac\u0131<\/li>\n\n\n\n<li class=\"has-medium-font-size\"><a href=\"https:\/\/dursunsaral.com.tr\/kitap\/2023\/06\/08\/kagit-mendilci\/\" data-type=\"post\" data-id=\"567\">K\u00c2\u011eIT MEND\u0130LC\u0130<\/a><\/li>\n<\/ul>\n<\/li>\n\n\n\n<li class=\"has-medium-font-size\">TV \u00dczerine\n<ul class=\"wp-block-list\">\n<li class=\"has-medium-font-size\">Evrim Tart\u0131\u015fmas\u0131<\/li>\n<\/ul>\n<\/li>\n\n\n\n<li class=\"has-medium-font-size\">Devlet Kuram\u0131\n<ul class=\"wp-block-list\">\n<li class=\"has-medium-font-size\"><a href=\"https:\/\/dursunsaral.com.tr\/kitap\/2023\/06\/08\/sehirlesme-duzeni-uzerine\/\" data-type=\"post\" data-id=\"571\">\u015eEH\u0130RLE\u015eME D\u00dcZEN\u0130 \u00dcZER\u0130NE<\/a><\/li>\n\n\n\n<li class=\"has-medium-font-size\"><a href=\"https:\/\/dursunsaral.com.tr\/kitap\/2023\/06\/08\/yasadigin-yer\/\" data-type=\"post\" data-id=\"575\">YA\u015eADI\u011eIN YER<\/a><\/li>\n\n\n\n<li class=\"has-medium-font-size\">Bina Yapmak m\u0131, Medeniyet Kurmak m\u0131?<\/li>\n<\/ul>\n<\/li>\n\n\n\n<li class=\"has-medium-font-size\">Empatiler\n<ul class=\"wp-block-list\">\n<li class=\"has-medium-font-size\">Empati\u20131<\/li>\n\n\n\n<li class=\"has-medium-font-size\">Empati\u20132<\/li>\n<\/ul>\n<\/li>\n\n\n\n<li class=\"has-medium-font-size\">Se\u00e7im 2011\n<ul class=\"wp-block-list\">\n<li class=\"has-medium-font-size\">Van G\u00f6l\u00fc m\u00fc? Van Denizi mi?<\/li>\n\n\n\n<li class=\"has-medium-font-size\">AKP ve CHP Durum De\u011ferlendirmesi<\/li>\n<\/ul>\n<\/li>\n\n\n\n<li class=\"has-medium-font-size\">G\u00f6zlemler\n<ul class=\"wp-block-list\">\n<li class=\"has-medium-font-size\">Camii Restorasyonu Hakk\u0131nda<\/li>\n<\/ul>\n<\/li>\n\n\n\n<li class=\"has-medium-font-size\">Yazar Yorumlar\u0131\n<ul class=\"wp-block-list\">\n<li class=\"has-medium-font-size\">YGS 2011<\/li>\n<\/ul>\n<\/li>\n\n\n\n<li class=\"has-medium-font-size\">Haber Yorumlar\u0131\n<ul class=\"wp-block-list\">\n<li class=\"has-medium-font-size\">O Harita<\/li>\n\n\n\n<li class=\"has-medium-font-size\">E\u011fitim Sistemi<\/li>\n\n\n\n<li class=\"has-medium-font-size\">Dindar Gen\u00e7lik mi, \u00c7a\u011fda\u015f Gen\u00e7lik mi?<\/li>\n<\/ul>\n<\/li>\n\n\n\n<li class=\"has-medium-font-size\">Projeler\n<ul class=\"wp-block-list\">\n<li class=\"has-medium-font-size\">20 Y\u0131lda 2000 Y\u0131ll\u0131k Gelecek<\/li>\n<\/ul>\n<\/li>\n<\/ul>\n","protected":false},"excerpt":{"rendered":"<p>ARKA KAPAK &nbsp; &nbsp; &nbsp;Bu kitapta siyasi liderlerin verdi\u011fi kararlar\u0131n hayat\u0131m\u0131z\u0131 nas\u0131l etkiledi\u011fi, ya\u015famsal olaylar incelerek a\u00e7\u0131klanmaktad\u0131r. Siyasi liderlerin verdikleri kararlar\u0131 nas\u0131l ve ne \u015fekilde ald\u0131klar\u0131, hangi d\u00fc\u015f\u00fcnce sistemlerini kulland\u0131klar\u0131, yapt\u0131klar\u0131 konu\u015fmalar ve icraatlar analiz edilerek a\u00e7\u0131klanmaktad\u0131r. Etkili bir liderin nas\u0131l se\u00e7ilebilece\u011fi konusunda tespitler yap\u0131lmaktad\u0131r. Bunun yan\u0131nda dikkat edip \u00fczerinde durmad\u0131\u011f\u0131m\u0131z g\u00fcnl\u00fck olaylar\u0131n ya\u015fanma sebepleri [&hellip;]<\/p>\n","protected":false},"author":1,"featured_media":0,"parent":0,"menu_order":5,"comment_status":"open","ping_status":"closed","template":"","meta":{"footnotes":""},"class_list":["post-5","page","type-page","status-publish","hentry"],"_links":{"self":[{"href":"https:\/\/dursunsaral.com.tr\/kitap\/wp-json\/wp\/v2\/pages\/5","targetHints":{"allow":["GET"]}}],"collection":[{"href":"https:\/\/dursunsaral.com.tr\/kitap\/wp-json\/wp\/v2\/pages"}],"about":[{"href":"https:\/\/dursunsaral.com.tr\/kitap\/wp-json\/wp\/v2\/types\/page"}],"author":[{"embeddable":true,"href":"https:\/\/dursunsaral.com.tr\/kitap\/wp-json\/wp\/v2\/users\/1"}],"replies":[{"embeddable":true,"href":"https:\/\/dursunsaral.com.tr\/kitap\/wp-json\/wp\/v2\/comments?post=5"}],"version-history":[{"count":25,"href":"https:\/\/dursunsaral.com.tr\/kitap\/wp-json\/wp\/v2\/pages\/5\/revisions"}],"predecessor-version":[{"id":578,"href":"https:\/\/dursunsaral.com.tr\/kitap\/wp-json\/wp\/v2\/pages\/5\/revisions\/578"}],"wp:attachment":[{"href":"https:\/\/dursunsaral.com.tr\/kitap\/wp-json\/wp\/v2\/media?parent=5"}],"curies":[{"name":"wp","href":"https:\/\/api.w.org\/{rel}","templated":true}]}}