{"id":7,"date":"2016-03-24T14:44:26","date_gmt":"2016-03-24T14:44:26","guid":{"rendered":"http:\/\/dursunsaral.com.tr\/kitap\/?page_id=7"},"modified":"2023-06-05T16:49:36","modified_gmt":"2023-06-05T13:49:36","slug":"empatiler-1","status":"publish","type":"page","link":"https:\/\/dursunsaral.com.tr\/kitap\/empatiler-1\/","title":{"rendered":"Empatiler 1"},"content":{"rendered":"<div class=\"wp-block-image\">\n<figure class=\"aligncenter\"><a href=\"http:\/\/www.dursunsaral.com.tr\/kitaplar\/02empatiler1\/01empatiler1.html\"><img loading=\"lazy\" decoding=\"async\" width=\"960\" height=\"715\" src=\"https:\/\/dursunsaral.com.tr\/kitap\/wp-content\/uploads\/2016\/03\/empatiler1.jpg\" alt=\"empatiler1\" class=\"wp-image-27\" srcset=\"https:\/\/dursunsaral.com.tr\/kitap\/wp-content\/uploads\/2016\/03\/empatiler1.jpg 960w, https:\/\/dursunsaral.com.tr\/kitap\/wp-content\/uploads\/2016\/03\/empatiler1-300x223.jpg 300w, https:\/\/dursunsaral.com.tr\/kitap\/wp-content\/uploads\/2016\/03\/empatiler1-768x572.jpg 768w\" sizes=\"auto, (max-width: 960px) 100vw, 960px\" \/><\/a><\/figure>\n<\/div>\n\n\n<hr class=\"wp-block-separator has-alpha-channel-opacity\"\/>\n\n\n\n<p class=\"has-text-align-center has-medium-font-size\"><strong>ARKA KAPAK<\/strong><\/p>\n\n\n\n<p class=\"has-text-align-left has-medium-font-size\">&nbsp; &nbsp; &nbsp;Bu kitap be\u015f empatiden olu\u015fmaktad\u0131r. Empati-1 ve Empati-2, baba ile o\u011ful aras\u0131nda ge\u00e7en ve o\u011flun ayaklar\u0131 \u00fczerinde durabilme ve hayata devam edebilme olgusunun iki \u00f6rne\u011finin i\u015flendi\u011fi empatilerdir. Empati-3, liseli bir gencin lise i\u00e7inde pop\u00fcler olma yar\u0131\u015f\u0131nda kar\u015f\u0131la\u015ft\u0131\u011f\u0131 durumlar\u0131, bu durumlar i\u00e7inde ne d\u00fc\u015f\u00fcn\u00fcp ne yapt\u0131\u011f\u0131n\u0131n ve sonucunda neler elde etti\u011finin anlat\u0131ld\u0131\u011f\u0131 empatidir. Empati-4, DS&#8217;nin lise d\u00f6neminde pop\u00fcler olma yar\u0131\u015f\u0131nda ya\u015fam\u0131\u015f oldu\u011fu olaylar\u0131n anlat\u0131ld\u0131\u011f\u0131, kurgu i\u00e7erikli bir empatidir. Empati-5, DS&#8217;nin \u00fcniversite s\u0131navlar\u0131na haz\u0131rlan\u0131\u015f ser\u00fcveninin, s\u0131navlarda ya\u015fad\u0131klar\u0131n\u0131n, hangi taktikleri kulland\u0131\u011f\u0131n\u0131n, meslek se\u00e7imini nas\u0131l yapt\u0131\u011f\u0131n\u0131n ve YT\u00dc Gemi \u0130n\u015faat\u0131 ve Gemi Makineleri B\u00f6l\u00fcm\u00fc&#8217;n\u00fc nas\u0131l kazand\u0131\u011f\u0131n\u0131n anlat\u0131ld\u0131\u011f\u0131 psikolojik empatidir.<br>Bu kitap &#8220;Empati&#8221; yaz\u0131 t\u00fcr\u00fcn\u00fcn ilk eseri olmas\u0131 nedeniyle T\u00fcrk ve D\u00fcnya edebiyat\u0131nda \u00f6nemli bir yere sahiptir.<br>Yeni yaz\u0131n t\u00fcr\u00fc &#8220;Empati&#8221;: Ger\u00e7ekte olan ve olabilmesi muhtemel olaylar\u0131n zaman, mek\u00e2n ve durum i\u00e7inde ki\u015filerin d\u0131\u015fsal ve i\u00e7sel duygular\u0131n\u0131n ortaya konuldu\u011fu, ya\u015fan\u0131lan olaylar\u0131n karakterlerin duygular\u0131 ve d\u00fc\u015f\u00fcnceleri ile yans\u0131t\u0131ld\u0131\u011f\u0131, sadece konu\u015fmalardan ve i\u00e7sel d\u00fc\u015f\u00fcncelerden olu\u015fan bir yaz\u0131 t\u00fcr\u00fcd\u00fcr.<\/p>\n\n\n\n<hr class=\"wp-block-separator has-alpha-channel-opacity\"\/>\n\n\n\n<p class=\"has-text-align-center\"><strong>K\u0130TAP<\/strong><\/p>\n\n\n\n<p><a href=\"http:\/\/www.ciniusyayinlari.com\/kitapayrinti.asp?id=179011\" target=\"_blank\" rel=\"noopener noreferrer\">http:\/\/www.ciniusyayinlari.com\/kitapayrinti.asp?id=179011<\/a><\/p>\n\n\n\n<p><a href=\"http:\/\/www.dr.com.tr\/Kitap\/Empatiler-1\/Dursun-Saral\/Edebiyat\/Deneme-Yazin\/urunno=0000000431008\" target=\"_blank\" rel=\"noopener noreferrer\">http:\/\/www.dr.com.tr\/Kitap\/Empatiler-1\/Dursun-Saral\/Edebiyat\/Deneme-Yazin\/urunno=0000000431008<\/a><\/p>\n\n\n\n<p><a href=\"http:\/\/www.idefix.com\/Kitap\/Empatiler-1\/Dursun-Saral\/Edebiyat\/Deneme-Yazin\/urunno=0000000431008\" target=\"_blank\" rel=\"noopener noreferrer\">http:\/\/www.idefix.com\/Kitap\/Empatiler-1\/Dursun-Saral\/Edebiyat\/Deneme-Yazin\/urunno=0000000431008<\/a><\/p>\n\n\n\n<p><a href=\"http:\/\/www.babil.com\/empatiler-1-kitabi-dursun-saral\" target=\"_blank\" rel=\"noopener noreferrer\">http:\/\/www.babil.com\/empatiler-1-kitabi-dursun-saral<\/a><\/p>\n\n\n\n<p><a rel=\"noopener noreferrer\" href=\"http:\/\/www.kitapyurdu.com\/kitap\/empatiler-1\/291484.html\" target=\"_blank\">http:\/\/www.kitapyurdu.com\/kitap\/empatiler-1\/291484.html<\/a><\/p>\n\n\n\n<hr class=\"wp-block-separator has-alpha-channel-opacity\"\/>\n\n\n\n<ul class=\"wp-block-list\">\n<li class=\"has-medium-font-size\"><a href=\"https:\/\/dursunsaral.com.tr\/kitap\/2023\/06\/05\/onsoz-2\/\" data-type=\"post\" data-id=\"544\">\u00d6NS\u00d6Z<\/a><\/li>\n\n\n\n<li class=\"has-medium-font-size\"><a href=\"https:\/\/dursunsaral.com.tr\/kitap\/2023\/06\/05\/empati-1\/\" data-type=\"post\" data-id=\"548\">EMPAT\u0130\u20131<\/a><\/li>\n\n\n\n<li class=\"has-medium-font-size\"><a href=\"https:\/\/dursunsaral.com.tr\/kitap\/2023\/06\/05\/empati-2\/\" data-type=\"post\" data-id=\"552\">EMPAT\u0130\u20132<\/a><\/li>\n\n\n\n<li class=\"has-medium-font-size\">EMPAT\u0130\u20133<\/li>\n\n\n\n<li class=\"has-medium-font-size\">EMPAT\u0130\u20134<\/li>\n\n\n\n<li class=\"has-medium-font-size\">EMPAT\u0130\u20135<\/li>\n<\/ul>\n","protected":false},"excerpt":{"rendered":"<p>ARKA KAPAK &nbsp; &nbsp; &nbsp;Bu kitap be\u015f empatiden olu\u015fmaktad\u0131r. Empati-1 ve Empati-2, baba ile o\u011ful aras\u0131nda ge\u00e7en ve o\u011flun ayaklar\u0131 \u00fczerinde durabilme ve hayata devam edebilme olgusunun iki \u00f6rne\u011finin i\u015flendi\u011fi empatilerdir. Empati-3, liseli bir gencin lise i\u00e7inde pop\u00fcler olma yar\u0131\u015f\u0131nda kar\u015f\u0131la\u015ft\u0131\u011f\u0131 durumlar\u0131, bu durumlar i\u00e7inde ne d\u00fc\u015f\u00fcn\u00fcp ne yapt\u0131\u011f\u0131n\u0131n ve sonucunda neler elde etti\u011finin anlat\u0131ld\u0131\u011f\u0131 [&hellip;]<\/p>\n","protected":false},"author":1,"featured_media":0,"parent":0,"menu_order":4,"comment_status":"open","ping_status":"closed","template":"","meta":{"footnotes":""},"class_list":["post-7","page","type-page","status-publish","hentry"],"_links":{"self":[{"href":"https:\/\/dursunsaral.com.tr\/kitap\/wp-json\/wp\/v2\/pages\/7","targetHints":{"allow":["GET"]}}],"collection":[{"href":"https:\/\/dursunsaral.com.tr\/kitap\/wp-json\/wp\/v2\/pages"}],"about":[{"href":"https:\/\/dursunsaral.com.tr\/kitap\/wp-json\/wp\/v2\/types\/page"}],"author":[{"embeddable":true,"href":"https:\/\/dursunsaral.com.tr\/kitap\/wp-json\/wp\/v2\/users\/1"}],"replies":[{"embeddable":true,"href":"https:\/\/dursunsaral.com.tr\/kitap\/wp-json\/wp\/v2\/comments?post=7"}],"version-history":[{"count":13,"href":"https:\/\/dursunsaral.com.tr\/kitap\/wp-json\/wp\/v2\/pages\/7\/revisions"}],"predecessor-version":[{"id":555,"href":"https:\/\/dursunsaral.com.tr\/kitap\/wp-json\/wp\/v2\/pages\/7\/revisions\/555"}],"wp:attachment":[{"href":"https:\/\/dursunsaral.com.tr\/kitap\/wp-json\/wp\/v2\/media?parent=7"}],"curies":[{"name":"wp","href":"https:\/\/api.w.org\/{rel}","templated":true}]}}