{"id":9,"date":"2016-03-24T14:44:44","date_gmt":"2016-03-24T14:44:44","guid":{"rendered":"http:\/\/dursunsaral.com.tr\/kitap\/?page_id=9"},"modified":"2023-06-02T14:31:29","modified_gmt":"2023-06-02T11:31:29","slug":"oruc-barbaros-sultan","status":"publish","type":"page","link":"https:\/\/dursunsaral.com.tr\/kitap\/oruc-barbaros-sultan\/","title":{"rendered":"Oru\u00e7 Barbaros Sultan"},"content":{"rendered":"<div class=\"wp-block-image\">\n<figure class=\"aligncenter\"><a href=\"http:\/\/www.dursunsaral.com.tr\/kitaplar\/orucbarbarossultan.html\"><img loading=\"lazy\" decoding=\"async\" width=\"400\" height=\"626\" src=\"https:\/\/dursunsaral.com.tr\/kitap\/wp-content\/uploads\/2016\/03\/obs.jpg\" alt=\"obs\" class=\"wp-image-33\" srcset=\"https:\/\/dursunsaral.com.tr\/kitap\/wp-content\/uploads\/2016\/03\/obs.jpg 400w, https:\/\/dursunsaral.com.tr\/kitap\/wp-content\/uploads\/2016\/03\/obs-192x300.jpg 192w\" sizes=\"auto, (max-width: 400px) 100vw, 400px\" \/><\/a><\/figure>\n<\/div>\n\n\n<hr class=\"wp-block-separator has-alpha-channel-opacity\"\/>\n\n\n\n<p class=\"has-text-align-center has-medium-font-size\"><strong>ARKA KAPAK<\/strong><\/p>\n\n\n\n<p class=\"has-text-align-left has-medium-font-size\">Denizcili\u011fe heves ettiler, tayfa oldular. Azmettiler, \u00e7al\u0131\u015ft\u0131lar, teknenin sahibi oldular. Oru\u00e7la H\u0131z\u0131r\u2019la birle\u015fip, deryalara a\u00e7\u0131l\u0131p, yeni yerler ve insanlar tan\u0131mak istediler. Reislik hevesine kap\u0131l\u0131p reisliklerinden oldular. K\u00f6yleri, evleri, kaleleri ya\u011fmaland\u0131, sevdikleri \u015fehit edildi, sabrettiler. Yine denize a\u00e7\u0131l\u0131p kendi i\u015flerinde olmay\u0131 dilediler ama hapsedildiler. Rablerine yalvar\u0131p kendi kurtulu\u015flar\u0131 ve c\u00fcmle \u0130sl\u00e2m\u2019\u0131n ferah\u0131 i\u00e7in yakard\u0131lar, kurtulu\u015fa nail oldular. Zaman geldi, sultanlara bey oldular, k\u00e2firlere kar\u015f\u0131 M\u00fcsl\u00fcmanlar\u0131n yard\u0131m\u0131na ko\u015ftular. Yaraland\u0131lar, uzuvlar\u0131n\u0131 kaybettiler ancak asla y\u0131lmad\u0131lar, \u0130sl\u00e2m i\u00e7in cihattan geri durmad\u0131lar. G\u00fcn geldi ihanete u\u011frad\u0131lar ama her durumda tevekk\u00fcl ettiler. \u00c7al\u0131\u015ft\u0131lar, cihat ettiler, ihsanda bulundular ve kendi m\u00fclklerini edinip, \u00fczerinde sultan oldular. Zevkusefaya d\u00fc\u015f\u00fcp Allah yolunda cenk etmekten y\u00fcz \u00e7evirmediler. T\u00fcrk ad\u0131n\u0131 Ma\u011frip diyar\u0131ndan t\u00fcm cihana duyurdular. Belki pe\u015flerinde kabir b\u0131rakamad\u0131lar ama \u00f6v\u00fcn\u00fclecek \u015fanl\u0131 bir tarihi miras b\u0131rakt\u0131lar. Bu kitap, Oru\u00e7 ve H\u0131z\u0131r Reislerin 1478\u20131518 y\u0131llar\u0131 aras\u0131ndaki ya\u015fant\u0131lar\u0131n\u0131n, tecr\u00fcbelere ve belgelere dayan\u0131larak \u201cTarihi Empati\/Roman\u201d t\u00fcr\u00fcnde anlat\u0131l\u0131p yaz\u0131lmas\u0131d\u0131r.<\/p>\n\n\n\n<hr class=\"wp-block-separator has-alpha-channel-opacity\"\/>\n\n\n\n<p class=\"has-text-align-center\"><strong>K\u0130TAP<\/strong><\/p>\n\n\n\n<p><a href=\"http:\/\/www.kitapyurdu.com\/kitap\/oruc-barbaros-sultan\/337002.html\" target=\"_blank\" rel=\"noopener noreferrer\">http:\/\/www.kitapyurdu.com\/kitap\/oruc-barbaros-sultan\/337002.html<\/a><\/p>\n\n\n\n<p><a href=\"http:\/\/www.idefix.com\/Kitap\/Oruc-Barbaros-Sultan\/Dursun-Saral\/Edebiyat\/Roman\/Turkiye-Roman\/urunno=0000000591099\" target=\"_blank\" rel=\"noopener noreferrer\">http:\/\/www.idefix.com\/Kitap\/Oruc-Barbaros-Sultan\/Dursun-Saral\/Edebiyat\/Roman\/Turkiye-Roman\/urunno=0000000591099<\/a><\/p>\n\n\n\n<p><a href=\"http:\/\/www.dr.com.tr\/kitap\/oruc-barbaros-sultan\/dursun-saral\/edebiyat\/roman\/turkiye-roman\/urunno=0000000591099\" target=\"_blank\" rel=\"noopener noreferrer\">http:\/\/www.dr.com.tr\/kitap\/oruc-barbaros-sultan\/dursun-saral\/edebiyat\/roman\/turkiye-roman\/urunno=0000000591099<\/a><\/p>\n\n\n\n<p><a href=\"http:\/\/www.babil.com\/oruc-barbaros-sultan-kitabi-dursun-saral\" target=\"_blank\" rel=\"noopener noreferrer\">http:\/\/www.babil.com\/oruc-barbaros-sultan-kitabi-dursun-saral<\/a><\/p>\n\n\n\n<hr class=\"wp-block-separator has-alpha-channel-opacity\"\/>\n\n\n\n<p class=\"has-text-align-center\"><strong>E-K\u0130TAP<\/strong><\/p>\n\n\n\n<p><a href=\"http:\/\/www.babil.com\/oruc-barbaros-sultan-ekitabi-dursun-saral?_sgm_source=9786051552224&amp;_sgm_campaign=scn_a0051e41f1c6a000&amp;_sgm_action=click\" target=\"_blank\" rel=\"noopener noreferrer\">http:\/\/www.babil.com\/oruc-barbaros-sultan-ekitabi-dursun-saral?_sgm_source=9786051552224&amp;_sgm_campaign=scn_a0051e41f1c6a000&amp;_sgm_action=click<\/a><\/p>\n\n\n\n<hr class=\"wp-block-separator has-alpha-channel-opacity\"\/>\n\n\n\n<ul class=\"wp-block-list\">\n<li><\/li>\n<\/ul>\n","protected":false},"excerpt":{"rendered":"<p>ARKA KAPAK Denizcili\u011fe heves ettiler, tayfa oldular. Azmettiler, \u00e7al\u0131\u015ft\u0131lar, teknenin sahibi oldular. Oru\u00e7la H\u0131z\u0131r\u2019la birle\u015fip, deryalara a\u00e7\u0131l\u0131p, yeni yerler ve insanlar tan\u0131mak istediler. Reislik hevesine kap\u0131l\u0131p reisliklerinden oldular. K\u00f6yleri, evleri, kaleleri ya\u011fmaland\u0131, sevdikleri \u015fehit edildi, sabrettiler. Yine denize a\u00e7\u0131l\u0131p kendi i\u015flerinde olmay\u0131 dilediler ama hapsedildiler. Rablerine yalvar\u0131p kendi kurtulu\u015flar\u0131 ve c\u00fcmle \u0130sl\u00e2m\u2019\u0131n ferah\u0131 i\u00e7in yakard\u0131lar, [&hellip;]<\/p>\n","protected":false},"author":1,"featured_media":0,"parent":0,"menu_order":3,"comment_status":"open","ping_status":"closed","template":"","meta":{"footnotes":""},"class_list":["post-9","page","type-page","status-publish","hentry"],"_links":{"self":[{"href":"https:\/\/dursunsaral.com.tr\/kitap\/wp-json\/wp\/v2\/pages\/9","targetHints":{"allow":["GET"]}}],"collection":[{"href":"https:\/\/dursunsaral.com.tr\/kitap\/wp-json\/wp\/v2\/pages"}],"about":[{"href":"https:\/\/dursunsaral.com.tr\/kitap\/wp-json\/wp\/v2\/types\/page"}],"author":[{"embeddable":true,"href":"https:\/\/dursunsaral.com.tr\/kitap\/wp-json\/wp\/v2\/users\/1"}],"replies":[{"embeddable":true,"href":"https:\/\/dursunsaral.com.tr\/kitap\/wp-json\/wp\/v2\/comments?post=9"}],"version-history":[{"count":8,"href":"https:\/\/dursunsaral.com.tr\/kitap\/wp-json\/wp\/v2\/pages\/9\/revisions"}],"predecessor-version":[{"id":531,"href":"https:\/\/dursunsaral.com.tr\/kitap\/wp-json\/wp\/v2\/pages\/9\/revisions\/531"}],"wp:attachment":[{"href":"https:\/\/dursunsaral.com.tr\/kitap\/wp-json\/wp\/v2\/media?parent=9"}],"curies":[{"name":"wp","href":"https:\/\/api.w.org\/{rel}","templated":true}]}}