{"id":32,"date":"2016-03-17T11:42:34","date_gmt":"2016-03-17T11:42:34","guid":{"rendered":"http:\/\/dursunsaral.com.tr\/photography\/?page_id=32"},"modified":"2016-03-17T14:08:39","modified_gmt":"2016-03-17T14:08:39","slug":"balikci-gemileri","status":"publish","type":"page","link":"https:\/\/dursunsaral.com.tr\/photography\/balikci-gemileri\/","title":{"rendered":"Bal\u0131k\u00e7\u0131 Gemileri"},"content":{"rendered":"<p style=\"text-align: center;\"><a href=\"http:\/\/dursunsaral.com.tr\/photography\/2016\/03\/17\/abdulkadir-ogullari\/\">Abdulkadir O\u011fullar\u0131<\/a><\/p>\n<p style=\"text-align: center;\"><a href=\"http:\/\/dursunsaral.com.tr\/photography\/2016\/03\/17\/abdulkadir-ogullari\/\"><img loading=\"lazy\" decoding=\"async\" class=\"alignnone size-medium wp-image-75\" src=\"http:\/\/dursunsaral.com.tr\/photography\/wp-content\/uploads\/2016\/03\/804-300x206.jpg\" alt=\"804\" width=\"300\" height=\"206\" srcset=\"https:\/\/dursunsaral.com.tr\/photography\/wp-content\/uploads\/2016\/03\/804-300x206.jpg 300w, https:\/\/dursunsaral.com.tr\/photography\/wp-content\/uploads\/2016\/03\/804-150x103.jpg 150w, https:\/\/dursunsaral.com.tr\/photography\/wp-content\/uploads\/2016\/03\/804-1024x702.jpg 1024w\" sizes=\"auto, (max-width: 300px) 100vw, 300px\" \/><\/a><\/p>\n<p style=\"text-align: center;\">&#8212;0&#8212;0&#8212;<\/p>\n<p style=\"text-align: center;\"><a href=\"http:\/\/dursunsaral.com.tr\/photography\/2016\/03\/17\/avci-baba\/\">Avc\u0131 Baba<\/a><\/p>\n<p style=\"text-align: center;\"><a href=\"http:\/\/dursunsaral.com.tr\/photography\/2016\/03\/17\/avci-baba\/\"><img loading=\"lazy\" decoding=\"async\" class=\"alignnone size-medium wp-image-60\" src=\"http:\/\/dursunsaral.com.tr\/photography\/wp-content\/uploads\/2016\/03\/787-300x206.jpg\" alt=\"787\" width=\"300\" height=\"206\" srcset=\"https:\/\/dursunsaral.com.tr\/photography\/wp-content\/uploads\/2016\/03\/787-300x206.jpg 300w, https:\/\/dursunsaral.com.tr\/photography\/wp-content\/uploads\/2016\/03\/787-150x103.jpg 150w, https:\/\/dursunsaral.com.tr\/photography\/wp-content\/uploads\/2016\/03\/787-1024x702.jpg 1024w\" sizes=\"auto, (max-width: 300px) 100vw, 300px\" \/><\/a><\/p>\n<p style=\"text-align: center;\">&#8212;0&#8212;0&#8212;<\/p>\n<p style=\"text-align: center;\"><a href=\"http:\/\/dursunsaral.com.tr\/photography\/2016\/03\/17\/avci-recebina-3\/\">Avc\u0131 Recebina 3<\/a><\/p>\n<p style=\"text-align: center;\"><a href=\"http:\/\/dursunsaral.com.tr\/photography\/2016\/03\/17\/avci-recebina-3\/\"><img loading=\"lazy\" decoding=\"async\" class=\"alignnone size-medium wp-image-87\" src=\"http:\/\/dursunsaral.com.tr\/photography\/wp-content\/uploads\/2016\/03\/793-300x206.jpg\" alt=\"793\" width=\"300\" height=\"206\" srcset=\"https:\/\/dursunsaral.com.tr\/photography\/wp-content\/uploads\/2016\/03\/793-300x206.jpg 300w, https:\/\/dursunsaral.com.tr\/photography\/wp-content\/uploads\/2016\/03\/793-150x103.jpg 150w, https:\/\/dursunsaral.com.tr\/photography\/wp-content\/uploads\/2016\/03\/793-1024x702.jpg 1024w\" sizes=\"auto, (max-width: 300px) 100vw, 300px\" \/><\/a><\/p>\n<p style=\"text-align: center;\">&#8212;0&#8212;0&#8212;<\/p>\n<p style=\"text-align: center;\"><a href=\"http:\/\/dursunsaral.com.tr\/photography\/2016\/03\/17\/firtina-balikcilik\/\">F\u0131rt\u0131na Bal\u0131k\u00e7\u0131l\u0131k<\/a><\/p>\n<p style=\"text-align: center;\"><a href=\"http:\/\/dursunsaral.com.tr\/photography\/2016\/03\/17\/firtina-balikcilik\/\"><img loading=\"lazy\" decoding=\"async\" class=\"alignnone size-medium wp-image-70\" src=\"http:\/\/dursunsaral.com.tr\/photography\/wp-content\/uploads\/2016\/03\/842-300x206.jpg\" alt=\"842\" width=\"300\" height=\"206\" srcset=\"https:\/\/dursunsaral.com.tr\/photography\/wp-content\/uploads\/2016\/03\/842-300x206.jpg 300w, https:\/\/dursunsaral.com.tr\/photography\/wp-content\/uploads\/2016\/03\/842-150x103.jpg 150w, https:\/\/dursunsaral.com.tr\/photography\/wp-content\/uploads\/2016\/03\/842-1024x702.jpg 1024w\" sizes=\"auto, (max-width: 300px) 100vw, 300px\" \/><\/a><\/p>\n<p style=\"text-align: center;\">&#8212;0&#8212;0&#8212;<\/p>\n<p style=\"text-align: center;\"><a href=\"http:\/\/dursunsaral.com.tr\/photography\/2016\/03\/17\/koroglu-balikcilik\/\">K\u00f6ro\u011flu Bal\u0131k\u00e7\u0131l\u0131k<\/a><\/p>\n<p style=\"text-align: center;\"><a href=\"http:\/\/dursunsaral.com.tr\/photography\/2016\/03\/17\/koroglu-balikcilik\/\"><img loading=\"lazy\" decoding=\"async\" class=\"alignnone size-medium wp-image-81\" src=\"http:\/\/dursunsaral.com.tr\/photography\/wp-content\/uploads\/2016\/03\/860-300x206.jpg\" alt=\"860\" width=\"300\" height=\"206\" srcset=\"https:\/\/dursunsaral.com.tr\/photography\/wp-content\/uploads\/2016\/03\/860-300x206.jpg 300w, https:\/\/dursunsaral.com.tr\/photography\/wp-content\/uploads\/2016\/03\/860-150x103.jpg 150w, https:\/\/dursunsaral.com.tr\/photography\/wp-content\/uploads\/2016\/03\/860-1024x702.jpg 1024w\" sizes=\"auto, (max-width: 300px) 100vw, 300px\" \/><\/a><\/p>\n<p style=\"text-align: center;\"><a href=\"http:\/\/dursunsaral.com.tr\/photography\/2016\/03\/17\/saral-balikcilik\/\">Saral Bal\u0131k\u00e7\u0131l\u0131k<\/a><\/p>\n<p><a href=\"http:\/\/dursunsaral.com.tr\/photography\/2016\/03\/17\/saral-balikcilik\/\"><img loading=\"lazy\" decoding=\"async\" class=\"size-medium wp-image-49 aligncenter\" src=\"http:\/\/dursunsaral.com.tr\/photography\/wp-content\/uploads\/2016\/03\/873-300x206.jpg\" alt=\"873\" width=\"300\" height=\"206\" srcset=\"https:\/\/dursunsaral.com.tr\/photography\/wp-content\/uploads\/2016\/03\/873-300x206.jpg 300w, https:\/\/dursunsaral.com.tr\/photography\/wp-content\/uploads\/2016\/03\/873-150x103.jpg 150w, https:\/\/dursunsaral.com.tr\/photography\/wp-content\/uploads\/2016\/03\/873-1024x702.jpg 1024w\" sizes=\"auto, (max-width: 300px) 100vw, 300px\" \/><\/a><\/p>\n<p style=\"text-align: center;\">&#8212;0&#8212;0&#8212;<\/p>\n<p style=\"text-align: center;\"><a href=\"http:\/\/dursunsaral.com.tr\/photography\/2016\/03\/17\/zaman-avci-2\/\">Zaman Avc\u0131 2<\/a><\/p>\n<p><a href=\"http:\/\/dursunsaral.com.tr\/photography\/2016\/03\/17\/zaman-avci-2\/\"><img loading=\"lazy\" decoding=\"async\" class=\"alignnone size-medium wp-image-55 aligncenter\" src=\"http:\/\/dursunsaral.com.tr\/photography\/wp-content\/uploads\/2016\/03\/825-300x206.jpg\" alt=\"825\" width=\"300\" height=\"206\" srcset=\"https:\/\/dursunsaral.com.tr\/photography\/wp-content\/uploads\/2016\/03\/825-300x206.jpg 300w, https:\/\/dursunsaral.com.tr\/photography\/wp-content\/uploads\/2016\/03\/825-150x103.jpg 150w, https:\/\/dursunsaral.com.tr\/photography\/wp-content\/uploads\/2016\/03\/825-1024x702.jpg 1024w\" sizes=\"auto, (max-width: 300px) 100vw, 300px\" \/><\/a><\/p>\n","protected":false},"excerpt":{"rendered":"<p>Abdulkadir O\u011fullar\u0131 &#8212;0&#8212;0&#8212; Avc\u0131 Baba &#8212;0&#8212;0&#8212; Avc\u0131 Recebina 3 &#8212;0&#8212;0&#8212; F\u0131rt\u0131na Bal\u0131k\u00e7\u0131l\u0131k &#8212;0&#8212;0&#8212; K\u00f6ro\u011flu Bal\u0131k\u00e7\u0131l\u0131k Saral Bal\u0131k\u00e7\u0131l\u0131k &#8212;0&#8212;0&#8212; Zaman Avc\u0131 2<\/p>\n","protected":false},"author":1,"featured_media":0,"parent":0,"menu_order":0,"comment_status":"closed","ping_status":"closed","template":"","meta":{"footnotes":""},"class_list":["post-32","page","type-page","status-publish","hentry"],"_links":{"self":[{"href":"https:\/\/dursunsaral.com.tr\/photography\/wp-json\/wp\/v2\/pages\/32","targetHints":{"allow":["GET"]}}],"collection":[{"href":"https:\/\/dursunsaral.com.tr\/photography\/wp-json\/wp\/v2\/pages"}],"about":[{"href":"https:\/\/dursunsaral.com.tr\/photography\/wp-json\/wp\/v2\/types\/page"}],"author":[{"embeddable":true,"href":"https:\/\/dursunsaral.com.tr\/photography\/wp-json\/wp\/v2\/users\/1"}],"replies":[{"embeddable":true,"href":"https:\/\/dursunsaral.com.tr\/photography\/wp-json\/wp\/v2\/comments?post=32"}],"version-history":[{"count":13,"href":"https:\/\/dursunsaral.com.tr\/photography\/wp-json\/wp\/v2\/pages\/32\/revisions"}],"predecessor-version":[{"id":90,"href":"https:\/\/dursunsaral.com.tr\/photography\/wp-json\/wp\/v2\/pages\/32\/revisions\/90"}],"wp:attachment":[{"href":"https:\/\/dursunsaral.com.tr\/photography\/wp-json\/wp\/v2\/media?parent=32"}],"curies":[{"name":"wp","href":"https:\/\/api.w.org\/{rel}","templated":true}]}}