{"id":98,"date":"2016-04-06T11:19:59","date_gmt":"2016-04-06T11:19:59","guid":{"rendered":"http:\/\/dursunsaral.com.tr\/photography\/?page_id=98"},"modified":"2016-04-06T11:19:59","modified_gmt":"2016-04-06T11:19:59","slug":"shv","status":"publish","type":"page","link":"https:\/\/dursunsaral.com.tr\/photography\/shv\/","title":{"rendered":"\u015eHV"},"content":{"rendered":"<p style=\"text-align: center;\">M\/S AHMET H. YILDIRIM (Eski Ad\u0131 : Bostanc\u0131)<\/p>\n<p style=\"text-align: center;\">M\/S BARI\u015e MAN\u00c7O ( Eski ad\u0131 : \u0130nciburnu )<\/p>\n<p style=\"text-align: center;\">M\/S EM\u0130N KUL (Eski Ad\u0131 : Bah\u00e7ekap\u0131)<\/p>\n<p style=\"text-align: center;\">M\/S FAHR\u0130 S. KORUT\u00dcRK<\/p>\n<p style=\"text-align: center;\">M\/S PROF. DR. AYKUT BARKA (Eski Ad\u0131 : Sedefadas\u0131)<\/p>\n<p style=\"text-align: center;\">\n<p style=\"text-align: center;\">M\/S \u015eH-BEYKOZ<\/p>\n<p style=\"text-align: center;\">M\/S \u015eH-BEYO\u011eLU<\/p>\n<p style=\"text-align: center;\">M\/S \u015eH-FAT\u0130H<\/p>\n<p style=\"text-align: center;\">M\/S \u015eH-KADIK\u00d6Y<\/p>\n<p style=\"text-align: center;\">M\/S \u015eH-SARIYER<\/p>\n<p style=\"text-align: center;\">\n<p style=\"text-align: center;\">M\/S BE\u015e\u0130KTA\u015e I<\/p>\n<p style=\"text-align: center;\">M\/S CADDEBOSTAN<\/p>\n<p style=\"text-align: center;\">M\/S \u0130. HAKKI DURUSU (Eski Ad\u0131 : Kar\u015f\u0131yaka)<\/p>\n<p style=\"text-align: center;\">M\/S \u0130STANBUL\u20139 (Eski Ad\u0131 : \u015eehit Sami Akbulut)<\/p>\n<p style=\"text-align: center;\">M\/S KALAMI\u015e<\/p>\n<p style=\"text-align: center;\">M\/S MODA<\/p>\n<p style=\"text-align: center;\">M\/S NURETT\u0130N ALPTO\u011eAN (Eski Ad\u0131 : Bayrakl\u0131)<\/p>\n<p style=\"text-align: center;\">M\/S \u015eEH\u0130T \u0130LKER KARTER<\/p>\n<p style=\"text-align: center;\">M\/S \u015eEH\u0130T MET\u0130N S\u00dcL\u00dc\u015e<\/p>\n<p style=\"text-align: center;\">M\/S \u015eEH\u0130T MUSTAFA AYDO\u011eDU<\/p>\n<p style=\"text-align: center;\">M\/S \u015eEH\u0130T SAM\u0130 AKBULUT (Eski Ad\u0131 : Sarayburnu)<\/p>\n<p style=\"text-align: center;\">\n<p style=\"text-align: center;\">\u015eH-DURUSU<\/p>\n<p style=\"text-align: center;\">\u015eH-G\u00d6KSU<\/p>\n<p style=\"text-align: center;\">\u015eH-G\u00dcM\u00dc\u015eSU<\/p>\n<p style=\"text-align: center;\">\u015eH-K\u00dc\u00c7\u00dcKSU<\/p>\n<p style=\"text-align: center;\">\n<p style=\"text-align: center;\">HASK\u00d6Y<\/p>\n<p style=\"text-align: center;\">KASIMPA\u015eA<\/p>\n<p style=\"text-align: center;\">S\u00dcTL\u00dcCE<\/p>\n","protected":false},"excerpt":{"rendered":"<p>M\/S AHMET H. YILDIRIM (Eski Ad\u0131 : Bostanc\u0131) M\/S BARI\u015e MAN\u00c7O ( Eski ad\u0131 : \u0130nciburnu ) M\/S EM\u0130N KUL (Eski Ad\u0131 : Bah\u00e7ekap\u0131) M\/S FAHR\u0130 S. KORUT\u00dcRK M\/S PROF. DR. AYKUT BARKA (Eski Ad\u0131 : Sedefadas\u0131) M\/S \u015eH-BEYKOZ M\/S \u015eH-BEYO\u011eLU M\/S \u015eH-FAT\u0130H M\/S \u015eH-KADIK\u00d6Y M\/S \u015eH-SARIYER M\/S BE\u015e\u0130KTA\u015e I M\/S CADDEBOSTAN M\/S \u0130. HAKKI [&hellip;]<\/p>\n","protected":false},"author":1,"featured_media":0,"parent":0,"menu_order":0,"comment_status":"closed","ping_status":"closed","template":"","meta":{"footnotes":""},"class_list":["post-98","page","type-page","status-publish","hentry"],"_links":{"self":[{"href":"https:\/\/dursunsaral.com.tr\/photography\/wp-json\/wp\/v2\/pages\/98","targetHints":{"allow":["GET"]}}],"collection":[{"href":"https:\/\/dursunsaral.com.tr\/photography\/wp-json\/wp\/v2\/pages"}],"about":[{"href":"https:\/\/dursunsaral.com.tr\/photography\/wp-json\/wp\/v2\/types\/page"}],"author":[{"embeddable":true,"href":"https:\/\/dursunsaral.com.tr\/photography\/wp-json\/wp\/v2\/users\/1"}],"replies":[{"embeddable":true,"href":"https:\/\/dursunsaral.com.tr\/photography\/wp-json\/wp\/v2\/comments?post=98"}],"version-history":[{"count":1,"href":"https:\/\/dursunsaral.com.tr\/photography\/wp-json\/wp\/v2\/pages\/98\/revisions"}],"predecessor-version":[{"id":99,"href":"https:\/\/dursunsaral.com.tr\/photography\/wp-json\/wp\/v2\/pages\/98\/revisions\/99"}],"wp:attachment":[{"href":"https:\/\/dursunsaral.com.tr\/photography\/wp-json\/wp\/v2\/media?parent=98"}],"curies":[{"name":"wp","href":"https:\/\/api.w.org\/{rel}","templated":true}]}}