{"id":5,"date":"2016-03-22T13:35:56","date_gmt":"2016-03-22T13:35:56","guid":{"rendered":"http:\/\/dursunsaral.com.tr\/video\/?page_id=5"},"modified":"2016-03-22T13:37:32","modified_gmt":"2016-03-22T13:37:32","slug":"balikci-gemileri","status":"publish","type":"page","link":"https:\/\/dursunsaral.com.tr\/video\/balikci-gemileri\/","title":{"rendered":"Bal\u0131k\u00e7\u0131 Gemileri"},"content":{"rendered":"<p>Saral Bal\u0131k\u00e7\u0131l\u0131k<\/p>\n<p>Avc\u0131 Baba<\/p>\n","protected":false},"excerpt":{"rendered":"<p>Saral Bal\u0131k\u00e7\u0131l\u0131k Avc\u0131 Baba<\/p>\n","protected":false},"author":1,"featured_media":0,"parent":0,"menu_order":0,"comment_status":"closed","ping_status":"closed","template":"","meta":{"footnotes":""},"class_list":["post-5","page","type-page","status-publish","hentry"],"_links":{"self":[{"href":"https:\/\/dursunsaral.com.tr\/video\/wp-json\/wp\/v2\/pages\/5","targetHints":{"allow":["GET"]}}],"collection":[{"href":"https:\/\/dursunsaral.com.tr\/video\/wp-json\/wp\/v2\/pages"}],"about":[{"href":"https:\/\/dursunsaral.com.tr\/video\/wp-json\/wp\/v2\/types\/page"}],"author":[{"embeddable":true,"href":"https:\/\/dursunsaral.com.tr\/video\/wp-json\/wp\/v2\/users\/1"}],"replies":[{"embeddable":true,"href":"https:\/\/dursunsaral.com.tr\/video\/wp-json\/wp\/v2\/comments?post=5"}],"version-history":[{"count":2,"href":"https:\/\/dursunsaral.com.tr\/video\/wp-json\/wp\/v2\/pages\/5\/revisions"}],"predecessor-version":[{"id":7,"href":"https:\/\/dursunsaral.com.tr\/video\/wp-json\/wp\/v2\/pages\/5\/revisions\/7"}],"wp:attachment":[{"href":"https:\/\/dursunsaral.com.tr\/video\/wp-json\/wp\/v2\/media?parent=5"}],"curies":[{"name":"wp","href":"https:\/\/api.w.org\/{rel}","templated":true}]}}